{"id":56,"date":"2011-12-17T16:52:40","date_gmt":"2011-12-17T16:52:40","guid":{"rendered":"http:\/\/esegroup.gr\/wp\/?page_id=56"},"modified":"2023-01-22T12:52:36","modified_gmt":"2023-01-22T10:52:36","slug":"%ce%b5%cf%81%ce%b5%cf%85%ce%bd%ce%b7%cf%84%ce%b9%ce%ba%ce%ac-%cf%80%cf%81%ce%bf%ce%b3%cf%81%ce%ac%ce%bc%ce%bc%ce%b1%cf%84%ce%b1","status":"publish","type":"page","link":"https:\/\/dkoliopoulos.gr\/el\/?page_id=56","title":{"rendered":"\u0395\u03c1\u03b5\u03c5\u03bd\u03b7\u03c4\u03b9\u03ba\u03ac \u03a0\u03c1\u03bf\u03b3\u03c1\u03ac\u03bc\u03bc\u03b1\u03c4\u03b1"},"content":{"rendered":"<p>\u03a5\u03c0\u03ae\u03c1\u03be\u03b1 \u03b5\u03c0\u03b9\u03c3\u03c4\u03b7\u03bc\u03bf\u03bd\u03b9\u03ba\u03cc\u03c2 \u03c5\u03c0\u03b5\u03cd\u03b8\u03c5\u03bd\u03bf\u03c2 \u03c4\u03bf\u03c5 \u03c4\u03c1\u03b9\u03b5\u03c4\u03bf\u03cd\u03c2 \u03c0\u03c1\u03bf\u03b3\u03c1\u03ac\u03bc\u03bc\u03b1\u03c4\u03bf\u03c2 \u03b2\u03b1\u03c3\u03b9\u03ba\u03ae\u03c2 \u03ad\u03c1\u03b5\u03c5\u03bd\u03b1\u03c2 \u00ab\u03a3\u03c7\u03b5\u03b4\u03b9\u03b1\u03c3\u03bc\u03cc\u03c2, \u03b5\u03c6\u03b1\u03c1\u03bc\u03bf\u03b3\u03ae \u03ba\u03b1\u03b9 \u03b1\u03be\u03b9\u03bf\u03bb\u03cc\u03b3\u03b7\u03c3\u03b7 \u03b5\u03ba\u03c0\u03b1\u03b9\u03b4\u03b5\u03c5\u03c4\u03b9\u03ba\u03ce\u03bd \u03c0\u03c1\u03bf\u03b3\u03c1\u03b1\u03bc\u03bc\u03ac\u03c4\u03c9\u03bd \u03b3\u03b9\u03b1 \u03c0\u03b1\u03b9\u03b4\u03b9\u03ac \u03c0\u03c1\u03bf\u03c3\u03c7\u03bf\u03bb\u03b9\u03ba\u03ae\u03c2 \u03b7\u03bb\u03b9\u03ba\u03af\u03b1\u03c2 \u03c3\u03c4\u03bf\u03c5\u03c2 \u03c7\u03ce\u03c1\u03bf\u03c5\u03c2 \u03c4\u03bf\u03c5 \u03b6\u03c9\u03bf\u03bb\u03bf\u03b3\u03b9\u03ba\u03bf\u03cd \u03bc\u03bf\u03c5\u03c3\u03b5\u03af\u03bf\u03c5 \u03c4\u03bf\u03c5 \u03c4\u03bc\u03ae\u03bc\u03b1\u03c4\u03bf\u03c2 \u0392\u03b9\u03bf\u03bb\u03bf\u03b3\u03af\u03b1\u03c2 \u03c4\u03bf\u03c5 \u03c0\u03b1\u03bd\u03b5\u03c0\u03b9\u03c3\u03c4\u03b7\u03bc\u03af\u03bf\u03c5 \u03a0\u03b1\u03c4\u03c1\u03ce\u03bd\u00bb\u00a0 \u03c4\u03bf \u03bf\u03c0\u03bf\u03af\u03bf \u03c7\u03c1\u03b7\u03bc\u03b1\u03c4\u03bf\u03b4\u03bf\u03c4\u03ae\u03b8\u03b7\u03ba\u03b5 \u03ba\u03b1\u03b9 \u03c5\u03bb\u03bf\u03c0\u03bf\u03b9\u03ae\u03b8\u03b7\u03ba\u03b5 \u03c3\u03c4\u03b1 \u03c0\u03bb\u03b1\u03af\u03c3\u03b9\u03b1 \u03c4\u03bf\u03c5 \u0395\u03c1\u03b5\u03c5\u03bd\u03b7\u03c4\u03b9\u03ba\u03bf\u03cd \u03c0\u03c1\u03bf\u03b3\u03c1\u03ac\u03bc\u03bc\u03b1\u03c4\u03bf\u03c2 <strong>\u039a.\u039a\u03b1\u03c1\u03b1\u03b8\u03b5\u03bf\u03b4\u03c9\u03c1\u03ae\u03c2<\/strong> \u03c4\u03bf\u03c5 \u03a0\u03b1\u03bd\u03b5\u03c0\u03b9\u03c3\u03c4\u03b7\u03bc\u03af\u03bf\u03c5 \u03a0\u03b1\u03c4\u03c1\u03ce\u03bd (2004-2007).<\/p>\n<p>\u03a3\u03c5\u03bc\u03bc\u03b5\u03c4\u03b5\u03af\u03c7\u03b1 \u03c3\u03c4\u03bf \u03b5\u03c1\u03b5\u03c5\u03bd\u03b7\u03c4\u03b9\u03ba\u03cc \u03c0\u03c1\u03cc\u03b3\u03c1\u03b1\u03bc\u03bc\u03b1<strong> \u00ab<\/strong><em>Pratiques d\u2019\u00e9criture et instrumentation du psychisme: Approches psychologiques et didactiques<\/em><strong>\u00bb<\/strong> (2003-2005, \u03c5\u03c0\u03b5\u03c5\u03b8. Pr. A. Weil-Barais \u2013 Universit\u00e9 d\u2019 Angers) \u03c4\u03bf \u03bf\u03c0\u03bf\u03af\u03bf \u03c5\u03bb\u03bf\u03c0\u03bf\u03b9\u03ae\u03b8\u03b7\u03ba\u03b5 \u03c3\u03c4\u03bf \u03c0\u03bb\u03b1\u03af\u03c3\u03b9\u03bf \u03c4\u03b7\u03c2 \u03c3\u03c5\u03bd\u03b5\u03c1\u03b3\u03b1\u03c3\u03af\u03b1\u03c2 \u03c4\u03c9\u03bd \u03a0\u03b1\u03bd\u03b5\u03c0\u03b9\u03c3\u03c4\u03b7\u03bc\u03af\u03c9\u03bd \u03a0\u03b1\u03c4\u03c1\u03ce\u03bd (\u03a0\u03a4\u039d), Angers (\u0393\u03b1\u03bb\u03bb\u03af\u03b1), \u0392\u03b1\u03c1\u03ba\u03b5\u03bb\u03ce\u03bd\u03b7\u03c2 (\u0399\u03c3\u03c0\u03b1\u03bd\u03af\u03b1) \u03ba\u03b1\u03b9 \u03c4\u03bf\u03c5 \u03a0\u03b1\u03bd\u03b5\u03c0\u03b9\u03c3\u03c4\u03b7\u03bc\u03b9\u03b1\u03ba\u03bf\u03cd \u0399\u03bd\u03c3\u03c4\u03b9\u03c4\u03bf\u03cd\u03c4\u03bf\u03c5 \u0395\u03ba\u03c0\u03b1\u03af\u03b4\u03b5\u03c5\u03c3\u03b7\u03c2 \u0395\u03ba\u03c0\u03b1\u03b9\u03b4\u03b5\u03c5\u03c4\u03b9\u03ba\u03ce\u03bd \u03c4\u03c9\u03bd \u0392\u03b5\u03c1\u03c3\u03b1\u03bb\u03bb\u03b9\u03ce\u03bd (\u0393\u03b1\u03bb\u03bb\u03af\u03b1). \u0397 \u03c3\u03c5\u03bc\u03bc\u03b5\u03c4\u03bf\u03c7\u03ae \u03bc\u03bf\u03c5 \u03c3\u03c4\u03bf \u03c0\u03c1\u03cc\u03b3\u03c1\u03b1\u03bc\u03bc\u03b1 \u03b1\u03c0\u03bf\u03c3\u03ba\u03bf\u03c0\u03bf\u03cd\u03c3\u03b5 \u03c3\u03c4\u03b7 \u03b4\u03b9\u03b5\u03c1\u03b5\u03cd\u03bd\u03b7\u03c3\u03b7 \u03c4\u03c9\u03bd \u03c3\u03b7\u03bc\u03b5\u03b9\u03c9\u03c4\u03b9\u03ba\u03ce\u03bd \u03c3\u03c5\u03c3\u03c4\u03b7\u03bc\u03ac\u03c4\u03c9\u03bd \u03c0\u03bf\u03c5 \u03c7\u03c1\u03b7\u03c3\u03b9\u03bc\u03bf\u03c0\u03bf\u03b9\u03bf\u03cd\u03bd \u03c4\u03b1 \u03c0\u03b1\u03b9\u03b4\u03b9\u03ac \u03c0\u03c1\u03bf\u03c3\u03c7\u03bf\u03bb\u03b9\u03ba\u03ae\u03c2 \u03ba\u03b1\u03b9 \u03c0\u03c1\u03ce\u03c4\u03b7\u03c2 \u03c3\u03c7\u03bf\u03bb\u03b9\u03ba\u03ae\u03c2 \u03b7\u03bb\u03b9\u03ba\u03af\u03b1\u03c2 \u03cc\u03c4\u03b1\u03bd \u03b5\u03c0\u03b9\u03bb\u03cd\u03bf\u03c5\u03bd \u03c0\u03c1\u03bf\u03b2\u03bb\u03ae\u03bc\u03b1\u03c4\u03b1 \u03c3\u03c7\u03b5\u03c4\u03b9\u03ba\u03ac \u03bc\u03b5 \u03c4\u03b9\u03c2 \u03c6\u03c5\u03c3\u03b9\u03ba\u03ad\u03c2 \u03b5\u03c0\u03b9\u03c3\u03c4\u03ae\u03bc\u03b5\u03c2.<\/p>\n<p>\u0391\u03c0\u03cc \u03c4\u03bf 2004, \u03c3\u03c5\u03bc\u03bc\u03b5\u03c4\u03ad\u03c7\u03c9 \u03c3\u03b5 \u03b4\u03b9\u03b1\u03ba\u03c1\u03b1\u03c4\u03b9\u03ba\u03ac \u03c0\u03c1\u03bf\u03b3\u03c1\u03ac\u03bc\u03bc\u03b1\u03c4\u03b1 \u03ba\u03b9\u03bd\u03b7\u03c4\u03b9\u03ba\u03cc\u03c4\u03b7\u03c4\u03b1\u03c2 \u03c0\u03c1\u03bf\u03c3\u03c9\u03c0\u03b9\u03ba\u03bf\u03cd \u03b3\u2019 \u03b2\u03ac\u03b8\u03bc\u03b9\u03b1\u03c2 \u03b5\u03ba\u03c0\u03b1\u03af\u03b4\u03b5\u03c5\u03c3\u03b7\u03c2 <strong>Erasmus<\/strong> (<em>Universit\u00e9 <\/em><em>d<\/em><em>\u2019<\/em><em>Aix<\/em><em>&#8211;<\/em><em>Marseille<\/em> \u2013 \u0393\u03b1\u03bb\u03bb\u03af\u03b1,\u00a0Universit\u00e9 de Bretagne Occidentale &#8211; \u0393\u03b1\u03bb\u03bb\u03af\u03b1,\u00a0 Universit\u00e9 Paris Sud (Orsay) &#8211; \u0393\u03b1\u03bb\u03bb\u03af\u03b1, <em>\u03a4\u03bc\u03ae\u03bc\u03b1 \u0395\u03c0\u03b9\u03c3\u03c4\u03b7\u03bc\u03ce\u03bd \u03c4\u03b7\u03c2 \u0391\u03b3\u03c9\u03b3\u03ae\u03c2<\/em> \u2013 \u039a\u03cd\u03c0\u03c1\u03bf\u03c2, Universit\u00e0 degli Studi di Palermo &#8211; \u0399\u03c4\u03b1\u03bb\u03af\u03b1) \u03cc\u03c0\u03bf\u03c5 \u03c0\u03b1\u03af\u03c1\u03bd\u03c9 \u03bc\u03ad\u03c1\u03bf\u03c2 \u03c3\u03b5 \u03b5\u03c1\u03b5\u03c5\u03bd\u03b7\u03c4\u03b9\u03ba\u03ad\u03c2 \u03ba\u03b1\u03b9 \u03b5\u03ba\u03c0\u03b1\u03b9\u03b4\u03b5\u03c5\u03c4\u03b9\u03ba\u03ad\u03c2 \u03b4\u03c1\u03b1\u03c3\u03c4\u03b7\u03c1\u03b9\u03cc\u03c4\u03b7\u03c4\u03b5\u03c2 \u03c3\u03c4\u03bf\u03c5\u03c2 \u03c4\u03bf\u03bc\u03b5\u03af\u03c2 \u03c4\u03b7\u03c2 \u0394\u03b9\u03b4\u03b1\u03ba\u03c4\u03b9\u03ba\u03ae\u03c2 \u03ba\u03b1\u03b9 \u039c\u03bf\u03c5\u03c3\u03b5\u03b9\u03bf\u03bb\u03bf\u03b3\u03af\u03b1\u03c2 \u03c4\u03c9\u03bd \u03a6\u03c5\u03c3\u03b9\u03ba\u03ce\u03bd \u0395\u03c0\u03b9\u03c3\u03c4\u03b7\u03bc\u03ce\u03bd.<\/p>\n<p>\u03a3\u03c5\u03bc\u03bc\u03b5\u03c4\u03b5\u03af\u03c7\u03b1 \u03c3\u03c4\u03bf \u03b5\u03c1\u03b5\u03c5\u03bd\u03b7\u03c4\u03b9\u03ba\u03cc \u03c0\u03c1\u03cc\u03b3\u03c1\u03b1\u03bc\u03bc\u03b1 \u00ab<em>History<\/em> <em>and<\/em> <em>Philosophy<\/em> <em>in<\/em> <em>Science<\/em> <em>Teaching<\/em><strong>\u00bb<\/strong> (2008-2010, \u03c5\u03c0\u03b5\u03c5\u03b8. Pr. D. H\u00f6ttecke &#8211; Universit\u00e4t Bremen) \u03c4\u03bf \u03bf\u03c0\u03bf\u03af\u03bf \u03b5\u03af\u03c7\u03b5 \u03b5\u03bd\u03c4\u03b1\u03c7\u03b8\u03b5\u03af \u03c3\u03c4\u03bf <strong>7<sup>\u03bf<\/sup> \u03a0\u03c1\u03cc\u03b3\u03c1\u03b1\u03bc\u03bc\u03b1 \u03a0\u03bb\u03b1\u03af\u03c3\u03b9\u03bf \u03c4\u03b7\u03c2 \u0395\u03c5\u03c1\u03c9\u03c0\u03b1\u03ca\u03ba\u03ae\u03c2 \u0395\u03c0\u03b9\u03c4\u03c1\u03bf\u03c0\u03ae\u03c2 (<\/strong><strong>FP<\/strong><strong>7)<\/strong> \u03ba\u03b1\u03b9 \u03c3\u03c4\u03bf \u03bf\u03c0\u03bf\u03af\u03bf \u03c3\u03c5\u03bc\u03bc\u03b5\u03c4\u03b5\u03af\u03c7\u03b1\u03bd \u03b4\u03ad\u03ba\u03b1 \u03b5\u03c5\u03c1\u03c9\u03c0\u03b1\u03ca\u03ba\u03ad\u03c2 \u03c7\u03ce\u03c1\u03b5\u03c2. \u03a4\u03bf \u03c0\u03c1\u03cc\u03b3\u03c1\u03b1\u03bc\u03bc\u03b1 \u03b5\u03af\u03c7\u03b5 \u03c9\u03c2 \u03c3\u03c4\u03cc\u03c7\u03bf \u03c4\u03bf \u03c3\u03c7\u03b5\u03b4\u03b9\u03b1\u03c3\u03bc\u03cc, \u03b5\u03c6\u03b1\u03c1\u03bc\u03bf\u03b3\u03ae \u03ba\u03b1\u03b9 \u03b1\u03be\u03b9\u03bf\u03bb\u03cc\u03b3\u03b7\u03c3\u03b7 \u03c3\u03c7\u03bf\u03bb\u03b9\u03ba\u03ce\u03bd \u03b5\u03ba\u03c0\u03b1\u03b9\u03b4\u03b5\u03c5\u03c4\u03b9\u03ba\u03ce\u03bd \u03c0\u03c1\u03bf\u03b3\u03c1\u03b1\u03bc\u03bc\u03ac\u03c4\u03c9\u03bd \u03c6\u03c5\u03c3\u03b9\u03ba\u03ce\u03bd \u03b5\u03c0\u03b9\u03c3\u03c4\u03b7\u03bc\u03ce\u03bd \u03bc\u03b5 \u03c4\u03b7 \u03c3\u03c5\u03bd\u03b4\u03c1\u03bf\u03bc\u03ae \u03c3\u03c4\u03bf\u03b9\u03c7\u03b5\u03af\u03c9\u03bd \u03c4\u03b7\u03c2 \u0399\u03c3\u03c4\u03bf\u03c1\u03af\u03b1\u03c2 \u03ba\u03b1\u03b9 \u03a6\u03b9\u03bb\u03bf\u03c3\u03bf\u03c6\u03af\u03b1\u03c2 \u03a6\u03c5\u03c3\u03b9\u03ba\u03ce\u03bd \u0395\u03c0\u03b9\u03c3\u03c4\u03b7\u03bc\u03ce\u03bd.<\/p>\n<p>\u03a3\u03c5\u03bc\u03bc\u03b5\u03c4\u03b5\u03af\u03c7\u03b1 \u03c3\u03c4\u03bf \u03b5\u03c1\u03b5\u03c5\u03bd\u03b7\u03c4\u03b9\u03ba\u03cc \u03c0\u03c1\u03cc\u03b3\u03c1\u03b1\u03bc\u03bc\u03b1 <strong>Fibonacci<\/strong> \u00ab<em>Design, implement and test a process of dissemination in Europe of inquiry-based teaching and learning methods in science and mathematics<\/em><strong>\u00bb<\/strong> (2010 &#8211; 2013, \u03c5\u03c0\u03b5\u03c5\u03b8. <strong>Ecole<\/strong> <strong>Normale<\/strong> <strong>Sup<\/strong><strong>\u00e9<\/strong><strong>rieure<\/strong> \/ <strong>Bayreuth<\/strong> University) \u03c4\u03bf \u03bf\u03c0\u03bf\u03af\u03bf \u03b5\u03af\u03c7\u03b5 \u03b5\u03bd\u03c4\u03b1\u03c7\u03b8\u03b5\u03af \u03c3\u03c4\u03bf <strong>7<sup>\u03bf<\/sup> \u03a0\u03c1\u03cc\u03b3\u03c1\u03b1\u03bc\u03bc\u03b1 \u03a0\u03bb\u03b1\u03af\u03c3\u03b9\u03bf \u03c4\u03b7\u03c2 \u0395\u03c5\u03c1\u03c9\u03c0\u03b1\u03ca\u03ba\u03ae\u03c2 \u0395\u03c0\u03b9\u03c4\u03c1\u03bf\u03c0\u03ae\u03c2 (<\/strong><strong>FP<\/strong><strong>7)<\/strong> \u03ba\u03b1\u03b9 \u03c3\u03c4\u03bf \u03bf\u03c0\u03bf\u03af\u03bf \u03c3\u03c5\u03bc\u03bc\u03b5\u03c4\u03b5\u03af\u03c7\u03b1\u03bd \u03b5\u03b9\u03ba\u03bf\u03c3\u03b9\u03ad\u03bd\u03b1 \u03b5\u03c5\u03c1\u03c9\u03c0\u03b1\u03ca\u03ba\u03ad\u03c2 \u03c7\u03ce\u03c1\u03b5\u03c2. \u03a4\u03bf \u03c0\u03c1\u03cc\u03b3\u03c1\u03b1\u03bc\u03bc\u03b1 \u03b5\u03af\u03c7\u03b5 \u03c9\u03c2 \u03c3\u03c4\u03cc\u03c7\u03bf \u03c4\u03b7 \u03bc\u03ad\u03b3\u03b9\u03c3\u03c4\u03b7 \u03b4\u03c5\u03bd\u03b1\u03c4\u03ae \u03b4\u03b9\u03ac\u03b4\u03bf\u03c3\u03b7 \u03b5\u03ba\u03c0\u03b1\u03b9\u03b4\u03b5\u03c5\u03c4\u03b9\u03ba\u03bf\u03cd \u03c5\u03bb\u03b9\u03ba\u03bf\u03cd \u03c4\u03bf \u03bf\u03c0\u03bf\u03af\u03bf \u03b1\u03c6\u03bf\u03c1\u03ac \u03c3\u03c4\u03b7 \u03b4\u03b9\u03b5\u03c1\u03b5\u03c5\u03bd\u03b7\u03c4\u03b9\u03ba\u03ae \u03b4\u03b9\u03b4\u03b1\u03c3\u03ba\u03b1\u03bb\u03af\u03b1 \u03ba\u03b1\u03b9 \u03bc\u03ac\u03b8\u03b7\u03c3\u03b7 (inquiry based teaching and learning) \u03c3\u03c4\u03bf\u03b9\u03c7\u03b5\u03af\u03c9\u03bd \u03c4\u03c9\u03bd \u03c6\u03c5\u03c3\u03b9\u03ba\u03ce\u03bd \u03b5\u03c0\u03b9\u03c3\u03c4\u03b7\u03bc\u03ce\u03bd \u03ba\u03b1\u03b9 \u03c4\u03c9\u03bd \u03bc\u03b1\u03b8\u03b7\u03bc\u03b1\u03c4\u03b9\u03ba\u03ce\u03bd <a href=\"http:\/\/www.ecedu.upatras.gr\/fibonacci\/\">(http:\/\/www.ecedu.upatras.gr\/fibonacci\/<\/a>).<\/p>\n<p>\u0389\u03bc\u03bf\u03c5\u03bd \u03b5\u03c0\u03b9\u03c3\u03c4\u03b7\u03bc\u03bf\u03bd\u03b9\u03ba\u03cc\u03c2 \u03c5\u03c0\u03b5\u03cd\u03b8\u03c5\u03bd\u03bf\u03c2 \u03c4\u03bf\u03c5 \u03c3\u03c4\u03bf \u03b5\u03c1\u03b5\u03c5\u03bd\u03b7\u03c4\u03b9\u03ba\u03cc \u03c0\u03c1\u03cc\u03b3\u03c1\u03b1\u03bc\u03bc\u03b1 \u00ab<em>\u0395\u03bd\u03af\u03c3\u03c7\u03c5\u03c3\u03b7 \u03c4\u03bf\u03c5 \u03b1\u03bd\u03b8\u03c1\u03ce\u03c0\u03b9\u03bd\u03bf\u03c5 \u03b5\u03c1\u03b5\u03c5\u03bd\u03b7\u03c4\u03b9\u03ba\u03bf\u03cd \u03b4\u03c5\u03bd\u03b1\u03bc\u03b9\u03ba\u03bf\u03cd \u03bc\u03ad\u03c3\u03c9 \u03c4\u03b7\u03c2 \u03c5\u03bb\u03bf\u03c0\u03bf\u03af\u03b7\u03c3\u03b7\u03c2 \u03b4\u03b9\u03b4\u03b1\u03ba\u03c4\u03bf\u03c1\u03b9\u03ba\u03ae\u03c2 \u03ad\u03c1\u03b5\u03c5\u03bd\u03b1\u03c2- \u0397\u03c1\u03ac\u03ba\u03bb\u03b5\u03b9\u03c4\u03bf\u03c2 \u0399\u0399<\/em>\u00bb (D.276.001.004 &#8211; 10\/3\/2009 \u03ad\u03c9\u03c2 31\/8\/2013).<\/p>\n<p>\u03a3\u03c5\u03bc\u03bc\u03b5\u03c4\u03b5\u03af\u03c7\u03b1 \u03c3\u03c4\u03bf \u03b5\u03c1\u03b5\u03c5\u03bd\u03b7\u03c4\u03b9\u03ba\u03cc \u03c0\u03c1\u03cc\u03b3\u03c1\u03b1\u03bc\u03bc\u03b1 \u00ab<em>\u03a3\u03c7\u03b5\u03b4\u03b9\u03b1\u03c3\u03bc\u03cc\u03c2, \u03b5\u03c6\u03b1\u03c1\u03bc\u03bf\u03b3\u03ae, \u03b1\u03be\u03b9\u03bf\u03bb\u03cc\u03b3\u03b7\u03c3\u03b7 \u03ba\u03b1\u03b9 \u03b5\u03c1\u03b5\u03c5\u03bd\u03b7\u03c4\u03b9\u03ba\u03ae \u03b5\u03b3\u03ba\u03c5\u03c1\u03bf\u03c0\u03bf\u03af\u03b7\u03c3\u03b7 \u03b5\u03bd\u03b9\u03b1\u03af\u03bf\u03c5 \u03c0\u03bb\u03b1\u03b9\u03c3\u03af\u03bf\u03c5 \u03bc\u03b1\u03b8\u03b7\u03bc\u03b1\u03c4\u03b9\u03ba\u03bf\u03cd \u03ba\u03b1\u03b9 \u03b5\u03c0\u03b9\u03c3\u03c4\u03b7\u03bc\u03bf\u03bd\u03b9\u03ba\u03bf\u03cd \u03b3\u03c1\u03b1\u03bc\u03bc\u03b1\u03c4\u03b9\u03c3\u03bc\u03bf\u03cd \u03b3\u03b9\u03b1 \u03c4\u03b7\u03bd \u03ba\u03c5\u03c0\u03c1\u03b9\u03b1\u03ba\u03ae \u03c0\u03c1\u03ce\u03c4\u03bf-\u03c3\u03c7\u03bf\u03bb\u03b9\u03ba\u03ae \u03b5\u03ba\u03c0\u03b1\u03af\u03b4\u03b5\u03c5\u03c3\u03b7<\/em>\u00bb \u03c4\u03bf \u03bf\u03c0\u03bf\u03af\u03bf \u03c5\u03bb\u03bf\u03c0\u03bf\u03b9\u03ae\u03b8\u03b7\u03ba\u03b5 \u03c3\u03c4\u03bf \u03c0\u03bb\u03b1\u03af\u03c3\u03b9\u03bf \u03c4\u03b7\u03c2 \u03b4\u03ad\u03c3\u03bc\u03b7\u03c2 \u03c0\u03c1\u03bf\u03b3\u03c1\u03b1\u03bc\u03bc\u03ac\u03c4\u03c9\u03bd \u03b3\u03b9\u03b1 \u03ad\u03c1\u03b5\u03c5\u03bd\u03b1, \u03c4\u03b5\u03c7\u03bd\u03bf\u03bb\u03bf\u03b3\u03b9\u03ba\u03ae \u03b1\u03bd\u03ac\u03c0\u03c4\u03c5\u03be\u03b7 \u03ba\u03b1\u03b9 \u03ba\u03b1\u03b9\u03bd\u03bf\u03c4\u03bf\u03bc\u03af\u03b1 \u03c4\u03bf\u03c5 <strong>\u0399\u03b4\u03c1\u03cd\u03bc\u03b1\u03c4\u03bf\u03c2 \u0391\u03bd\u03ac\u03c0\u03c4\u03c5\u03be\u03b7\u03c2 \u03ba\u03b1\u03b9 \u0388\u03c1\u03b5\u03c5\u03bd\u03b1\u03c2 \u039a\u03cd\u03c0\u03c1\u03bf\u03c5 <\/strong>(2011-2014, \u03c5\u03c0\u03b5\u03c5\u03b8. \u03a7. \u03a0\u03b1\u03c0\u03b1\u03b4\u03b7\u03bc\u03ae\u03c4\u03c1\u03b7 &amp; \u039b. \u039b\u03bf\u03c5\u03ba\u03ac, \u0395\u03c5\u03c1\u03c9\u03c0\u03b1\u03ca\u03ba\u03cc \u03a0\u03b1\u03bd\/\u03bc\u03b9\u03bf \u039a\u03cd\u03c0\u03c1\u03bf\u03c5).<\/p>\n<p>\u03a3\u03c5\u03bc\u03bc\u03b5\u03c4\u03b5\u03af\u03c7\u03b1 \u03c3\u03c4\u03bf \u03b5\u03c1\u03b5\u03c5\u03bd\u03b7\u03c4\u03b9\u03ba\u03cc \u03c0\u03c1\u03cc\u03b3\u03c1\u03b1\u03bc\u03bc\u03b1 \u00ab<em>\u03a6\u03c9\u03c2 \u03ba\u03b1\u03b9 \u03c7\u03c1\u03ce\u03bc\u03b1 \u03c3\u03c4\u03b7\u03bd \u03c4\u03ad\u03c7\u03bd\u03b7 \u03ba\u03b1\u03b9 \u03c4\u03b7\u03bd \u03b5\u03c0\u03b9\u03c3\u03c4\u03ae\u03bc\u03b7: \u03c3\u03c7\u03b5\u03b4\u03b9\u03b1\u03c3\u03bc\u03cc\u03c2 \u03ba\u03b1\u03b9 \u03b1\u03be\u03b9\u03bf\u03bb\u03cc\u03b3\u03b7\u03c3\u03b7 \u03b5\u03ba\u03c0\u03b1\u03b9\u03b4\u03b5\u03c5\u03c4\u03b9\u03ba\u03bf\u03cd \u03c5\u03bb\u03b9\u03ba\u03bf\u03cd \u03b3\u03b9\u03b1 \u03c4\u03b7\u03bd \u03c0\u03c1\u03bf\u03c3\u03c7\u03bf\u03bb\u03b9\u03ba\u03ae \u03ba\u03b1\u03b9 \u03c0\u03c1\u03c9\u03c4\u03bf\u03b2\u03ac\u03b8\u03bc\u03b9\u03b1 \u03b5\u03ba\u03c0\u03b1\u03af\u03b4\u03b5\u03c5\u03c3\u03b7<\/em>\u00bb (2012-2013, \u03b5\u03c0\u03b9\u03c3\u03c4. \u03c5\u03c0\u03b5\u03c5\u03b8. \u0395\u03c0\u03b9\u03ba. \u039a\u03b1\u03b8\u03b7\u03b3\u03ae\u03c4\u03c1\u03b9\u03b1 \u039e. \u0391\u03c1\u03b1\u03c0\u03ac\u03ba\u03b7, \u03a0\u03b1\u03bd\/\u03bc\u03b9\u03bf \u0398\u03b5\u03c3\u03c3\u03b1\u03bb\u03af\u03b1\u03c2) \u03c0\u03bf\u03c5 \u03b5\u03af\u03c7\u03b5 \u03c9\u03c2 \u03c3\u03c4\u03cc\u03c7\u03bf \u03bd\u03b1 \u03b4\u03b9\u03b5\u03c1\u03b5\u03c5\u03bd\u03ae\u03c3\u03b5\u03b9 \u03c4\u03b7 \u03b4\u03c5\u03bd\u03b1\u03c4\u03cc\u03c4\u03b7\u03c4\u03b1 \u03c0\u03b1\u03c1\u03b1\u03b3\u03c9\u03b3\u03ae\u03c2 \u03b4\u03b9\u03b1\u03b8\u03b5\u03bc\u03b1\u03c4\u03b9\u03ba\u03bf\u03cd \u03b5\u03ba\u03c0\u03b1\u03b9\u03b4\u03b5\u03c5\u03c4\u03b9\u03ba\u03bf\u03cd \u03c5\u03bb\u03b9\u03ba\u03bf\u03cd \u03b3\u03b9\u03b1 \u03c4\u03b7\u03bd \u03b5\u03bd\u03cc\u03c4\u03b7\u03c4\u03b1 \u2018\u03a6\u03c9\u03c2 \u03ba\u03b1\u03b9 \u03c7\u03c1\u03ce\u03bc\u03b1\u2019 \u03c3\u03c4\u03bf \u03bd\u03b7\u03c0\u03b9\u03b1\u03b3\u03c9\u03b3\u03b5\u03af\u03bf \u03ba\u03b1\u03b9 \u03c4\u03bf \u03b4\u03b7\u03bc\u03bf\u03c4\u03b9\u03ba\u03cc \u03c3\u03c7\u03bf\u03bb\u03b5\u03af\u03bf.<\/p>\n<p>\u03a3\u03c5\u03bc\u03bc\u03b5\u03c4\u03ad\u03c7\u03c9 \u03c3\u03c4\u03bf \u03c0\u03c1\u03cc\u03b3\u03c1\u03b1\u03bc\u03bc\u03b1 <strong>Erasmus Mundus, Action 2<\/strong> (2012 -2015 &#8211; \u03c5\u03c0\u03b5\u03c5\u03b8. Pr. J. Ginesti\u00e9, IUFM, Universite d\u2019Aix-Marseille).<\/p>\n<p>\u03a3\u03c5\u03bc\u03bc\u03b5\u03c4\u03b5\u03af\u03c7\u03b1 \u03c3\u03c4\u03bf \u03c0\u03c1\u03cc\u03b3\u03c1\u03b1\u03bc\u03bc\u03b1 <b>HOPE &#8211; Horizons in Physics Education <\/b>(2013-2016, \u03c5\u03c0\u03b5\u03c5\u03b8. N. Witkofski, Universit\u00e9 Pierre et\u00a0Marie Curie\/UPMC) \u03c0\u03bf\u03c5 \u03b5\u03af\u03c7\u03b5 \u03c9\u03c2 \u03c3\u03c4\u03cc\u03c7\u03bf\u03c5\u03c2 \u03c4\u03b7\u03bd \u03b5\u03bd\u03af\u03c3\u03c7\u03c5\u03c3\u03b7 \u03c4\u03c9\u03bd \u03b5\u03c0\u03b9\u03c0\u03c4\u03ce\u03c3\u03b5\u03c9\u03bd \u03c4\u03b7\u03c2 \u03a6\u03c5\u03c3\u03b9\u03ba\u03ae\u03c2 \u03c3\u03c4\u03b7\u03bd \u03b5\u03c5\u03c1\u03c9\u03c0\u03b1\u03ca\u03ba\u03ae \u03bf\u03b9\u03ba\u03bf\u03bd\u03bf\u03bc\u03af\u03b1 \u03ba\u03b1\u03b9 \u03ba\u03bf\u03b9\u03bd\u03c9\u03bd\u03af\u03b1 \u03bc\u03ad\u03c3\u03c9 \u03c4\u03b7\u03c2 \u03bc\u03b5\u03bb\u03ad\u03c4\u03b7\u03c2 \u03ba\u03b1\u03b9 \u03b1\u03bd\u03ac\u03c0\u03c4\u03c5\u03be\u03b7\u03c2 \u03ba\u03b1\u03b9\u03bd\u03bf\u03c4\u03bf\u03bc\u03b9\u03ce\u03bd \u03c3\u03c4\u03b7 \u03b4\u03b9\u03b4\u03b1\u03c3\u03ba\u03b1\u03bb\u03af\u03b1 \u03c4\u03b7\u03c2 \u03c3\u03c4\u03b1 \u03c0\u03b1\u03bd\u03b5\u03c0\u03b9\u03c3\u03c4\u03ae\u03bc\u03b9\u03b1.<\/p>\n<p>\u03a3\u03c5\u03bc\u03bc\u03b5\u03c4\u03ad\u03c7\u03c9 \u03c9\u03c2 \u03b5\u03c0\u03b9\u03c3\u03c4\u03b7\u03bc\u03bf\u03bd\u03b9\u03ba\u03cc\u03c2 \u03c3\u03c5\u03bd-\u03c5\u03c0\u03b5\u03cd\u03b8\u03c5\u03bd\u03bf\u03c2 \u03c3\u03c4\u03bf \u03b5\u03c1\u03b5\u03c5\u03bd\u03b7\u03c4\u03b9\u03ba\u03cc \u03c0\u03c1\u03cc\u03b3\u03c1\u03b1\u03bc\u03bc\u03b1 <strong>CRSH-Connexion -\u2018L&#8217;arch\u00e9ologie \u00e0 l&#8217;\u00e8re de la m\u00e9diation scientifique\u2019<\/strong> (2020-2022, \u03c5\u03c0\u03b5\u03c5\u03b8. Pr. A. Meunier, UQAM, Montreal) \u03c0\u03bf\u03c5 \u03ad\u03c7\u03b5\u03b9 \u03c9\u03c2 \u03c3\u03c4\u03cc\u03c7\u03bf \u03c4\u03b7 \u03c3\u03c5\u03bd\u03b5\u03c1\u03b3\u03b1\u03c3\u03af\u03b1 \u039a\u03b1\u03bd\u03b1\u03b4\u03ce\u03bd \u03ba\u03b1\u03b9 \u0395\u03bb\u03bb\u03ae\u03bd\u03c9\u03bd \u03b5\u03c1\u03b5\u03c5\u03bd\u03b7\u03c4\u03ce\u03bd \u03c3\u03c4\u03b7 \u0394\u03b9\u03b4\u03b1\u03ba\u03c4\u03b9\u03ba\u03ae \u03a6\u03c5\u03c3\u03b9\u03ba\u03ce\u03bd \u0395\u03c0\u03b9\u03c3\u03c4\u03b7\u03bc\u03ce\u03bd \u03ba\u03b1\u03b9 \u03c4\u03b7 \u039c\u03bf\u03c5\u03c3\u03b5\u03b9\u03bf\u03bb\u03bf\u03b3\u03af\u03b1 \u03c3\u03c4\u03bf \u03b1\u03bd\u03c4\u03b9\u03ba\u03b5\u03af\u03bc\u03b5\u03bd\u03bf \u03c4\u03b7\u03c2 \u03b5\u03b9\u03c3\u03b1\u03b3\u03c9\u03b3\u03ae\u03c2 \u03c3\u03c4\u03bf\u03b9\u03c7\u03b5\u03af\u03c9\u03bd \u03c6\u03c5\u03c3\u03b9\u03ba\u03ce\u03bd \u03b5\u03c0\u03b9\u03c3\u03c4\u03b7\u03bc\u03ce\u03bd \u03c3\u03c4\u03b1 \u03b1\u03c1\u03c7\u03b1\u03b9\u03bf\u03bb\u03bf\u03b3\u03b9\u03ba\u03ac \u03bc\u03bf\u03c5\u03c3\u03b5\u03af\u03b1 \u03ba\u03b1\u03b8\u03ce\u03c2 \u03ba\u03b1\u03b9 \u03c4\u03b7 \u03b4\u03b9\u03ac\u03b4\u03bf\u03c3\u03b7 \u03c4\u03c9\u03bd \u03c0\u03bf\u03c1\u03b9\u03c3\u03bc\u03ac\u03c4\u03c9\u03bd \u03c4\u03b7\u03c2 \u03b1\u03bd\u03c4\u03af\u03c3\u03c4\u03bf\u03b9\u03c7\u03b7\u03c2 \u03ad\u03c1\u03b5\u03c5\u03bd\u03b1\u03c2 \u03c3\u03b5 \u03c5\u03c0\u03b5\u03c5\u03b8\u03cd\u03bd\u03bf\u03c5\u03c2 \u03bc\u03bf\u03c5\u03c3\u03b5\u03af\u03c9\u03bd \u03ba\u03b1\u03b9 \u03b5\u03ba\u03c0\u03b1\u03b9\u03b4\u03b5\u03c5\u03c4\u03b9\u03ba\u03bf\u03cd\u03c2.<\/p>\n<p>\u03a3\u03c5\u03bc\u03bc\u03b5\u03c4\u03ad\u03c7\u03c9 \u03c9\u03c2 \u03b5\u03c1\u03b5\u03c5\u03bd\u03b7\u03c4\u03ae\u03c2 (\u03b5\u03c0\u03b9\u03c3\u03c4\u03b7\u03bc\u03bf\u03bd\u03b9\u03ba\u03cc\u03c2 \u03c5\u03c0\u03b5\u03cd\u03b8\u03c5\u03bd\u03bf\u03c2 \u03c3\u03c4\u03b7\u03bd \u0395\u03bb\u03bb\u03ac\u03b4\u03b1) \u03c3\u03c4\u03bf \u03b5\u03c1\u03b5\u03c5\u03bd\u03b7\u03c4\u03b9\u03ba\u03cc \u03c0\u03c1\u03cc\u03b3\u03c1\u03b1\u03bc\u03bc\u03b1 Erasmus + (KA2) <strong>Adaptive Learning Management Platform for STEM (ALeMP)<\/strong> \u03c0\u03bf\u03c5 \u03ad\u03c7\u03b5\u03b9 \u03c9\u03c2 \u03b2\u03b1\u03c3\u03b9\u03ba\u03cc \u03c3\u03c4\u03cc\u03c7\u03bf \u03c4\u03b7 \u03b4\u03b7\u03bc\u03b9\u03bf\u03c5\u03c1\u03b3\u03af\u03b1 \u03bc\u03b9\u03b1\u03c2 \u03c0\u03c1\u03bf\u03b7\u03b3\u03bc\u03ad\u03bd\u03b7\u03c2 \u03ba\u03b1\u03b9 \u03ad\u03be\u03c5\u03c0\u03bd\u03b7\u03c2 \u03c0\u03bb\u03b1\u03c4\u03c6\u03cc\u03c1\u03bc\u03b1\u03c2 E-learning, \u03b5\u03b9\u03b4\u03b9\u03ba\u03ac \u03b5\u03c0\u03b9\u03ba\u03b5\u03bd\u03c4\u03c1\u03c9\u03bc\u03ad\u03bd\u03b7\u03c2 \u03c3\u03c4\u03b7 \u03b4\u03b9\u03b1\u03c7\u03b5\u03af\u03c1\u03b9\u03c3\u03b7 \u03b1\u03c3\u03ba\u03ae\u03c3\u03b5\u03c9\u03bd \u03c3\u03c4\u03bf\u03bd \u03c4\u03bf\u03bc\u03ad\u03b1 STEM \u03ba\u03b1\u03b9 \u03ba\u03c5\u03c1\u03af\u03c9\u03c2 \u03c3\u03c4\u03b7 \u03a6\u03c5\u03c3\u03b9\u03ba\u03ae \u03ba\u03b1\u03b9 \u03c3\u03c4\u03b1 \u039c\u03b1\u03b8\u03b7\u03bc\u03b1\u03c4\u03b9\u03ba\u03ac (<strong>2021-2024<\/strong>, \u03c5\u03c0\u03b5\u03c5\u03b8. Pr. P.P. Corso, Universit\u00e0 degli Studi di Palermo.<\/p>\n","protected":false},"excerpt":{"rendered":"<p>\u03a5\u03c0\u03ae\u03c1\u03be\u03b1 \u03b5\u03c0\u03b9\u03c3\u03c4\u03b7\u03bc\u03bf\u03bd\u03b9\u03ba\u03cc\u03c2 \u03c5\u03c0\u03b5\u03cd\u03b8\u03c5\u03bd\u03bf\u03c2 \u03c4\u03bf\u03c5 \u03c4\u03c1\u03b9\u03b5\u03c4\u03bf\u03cd\u03c2 \u03c0\u03c1\u03bf\u03b3\u03c1\u03ac\u03bc\u03bc\u03b1\u03c4\u03bf\u03c2 \u03b2\u03b1\u03c3\u03b9\u03ba\u03ae\u03c2 \u03ad\u03c1\u03b5\u03c5\u03bd\u03b1\u03c2 \u00ab\u03a3\u03c7\u03b5\u03b4\u03b9\u03b1\u03c3\u03bc\u03cc\u03c2, \u03b5\u03c6\u03b1\u03c1\u03bc\u03bf\u03b3\u03ae \u03ba\u03b1\u03b9 \u03b1\u03be\u03b9\u03bf\u03bb\u03cc\u03b3\u03b7\u03c3\u03b7 \u03b5\u03ba\u03c0\u03b1\u03b9\u03b4\u03b5\u03c5\u03c4\u03b9\u03ba\u03ce\u03bd \u03c0\u03c1\u03bf\u03b3\u03c1\u03b1\u03bc\u03bc\u03ac\u03c4\u03c9\u03bd \u03b3\u03b9\u03b1 \u03c0\u03b1\u03b9\u03b4\u03b9\u03ac \u03c0\u03c1\u03bf\u03c3\u03c7\u03bf\u03bb\u03b9\u03ba\u03ae\u03c2 \u03b7\u03bb\u03b9\u03ba\u03af\u03b1\u03c2 \u03c3\u03c4\u03bf\u03c5\u03c2 \u03c7\u03ce\u03c1\u03bf\u03c5\u03c2 \u03c4\u03bf\u03c5 \u03b6\u03c9\u03bf\u03bb\u03bf\u03b3\u03b9\u03ba\u03bf\u03cd \u03bc\u03bf\u03c5\u03c3\u03b5\u03af\u03bf\u03c5 \u03c4\u03bf\u03c5 \u03c4\u03bc\u03ae\u03bc\u03b1\u03c4\u03bf\u03c2 \u0392\u03b9\u03bf\u03bb\u03bf\u03b3\u03af\u03b1\u03c2 \u03c4\u03bf\u03c5 \u03c0\u03b1\u03bd\u03b5\u03c0\u03b9\u03c3\u03c4\u03b7\u03bc\u03af\u03bf\u03c5 \u03a0\u03b1\u03c4\u03c1\u03ce\u03bd\u00bb\u00a0 \u03c4\u03bf \u03bf\u03c0\u03bf\u03af\u03bf \u03c7\u03c1\u03b7\u03bc\u03b1\u03c4\u03bf\u03b4\u03bf\u03c4\u03ae\u03b8\u03b7\u03ba\u03b5 \u03ba\u03b1\u03b9 \u03c5\u03bb\u03bf\u03c0\u03bf\u03b9\u03ae\u03b8\u03b7\u03ba\u03b5 \u03c3\u03c4\u03b1 \u03c0\u03bb\u03b1\u03af\u03c3\u03b9\u03b1 \u03c4\u03bf\u03c5 \u0395\u03c1\u03b5\u03c5\u03bd\u03b7\u03c4\u03b9\u03ba\u03bf\u03cd \u03c0\u03c1\u03bf\u03b3\u03c1\u03ac\u03bc\u03bc\u03b1\u03c4\u03bf\u03c2 \u039a.\u039a\u03b1\u03c1\u03b1\u03b8\u03b5\u03bf\u03b4\u03c9\u03c1\u03ae\u03c2 \u03c4\u03bf\u03c5 \u03a0\u03b1\u03bd\u03b5\u03c0\u03b9\u03c3\u03c4\u03b7\u03bc\u03af\u03bf\u03c5 \u03a0\u03b1\u03c4\u03c1\u03ce\u03bd (2004-2007). \u03a3\u03c5\u03bc\u03bc\u03b5\u03c4\u03b5\u03af\u03c7\u03b1 \u03c3\u03c4\u03bf \u03b5\u03c1\u03b5\u03c5\u03bd\u03b7\u03c4\u03b9\u03ba\u03cc \u03c0\u03c1\u03cc\u03b3\u03c1\u03b1\u03bc\u03bc\u03b1 \u00abPratiques d\u2019\u00e9criture et instrumentation du psychisme: Approches <a href='https:\/\/dkoliopoulos.gr\/el\/?page_id=56' class='excerpt-more'>[&#8230;]<\/a><\/p>\n","protected":false},"author":1,"featured_media":0,"parent":47,"menu_order":0,"comment_status":"closed","ping_status":"closed","template":"","meta":{"footnotes":""},"class_list":["post-56","page","type-page","status-publish","hentry","post-seq-1","post-parity-odd","meta-position-corners","fix"],"_links":{"self":[{"href":"https:\/\/dkoliopoulos.gr\/el\/index.php?rest_route=\/wp\/v2\/pages\/56","targetHints":{"allow":["GET"]}}],"collection":[{"href":"https:\/\/dkoliopoulos.gr\/el\/index.php?rest_route=\/wp\/v2\/pages"}],"about":[{"href":"https:\/\/dkoliopoulos.gr\/el\/index.php?rest_route=\/wp\/v2\/types\/page"}],"author":[{"embeddable":true,"href":"https:\/\/dkoliopoulos.gr\/el\/index.php?rest_route=\/wp\/v2\/users\/1"}],"replies":[{"embeddable":true,"href":"https:\/\/dkoliopoulos.gr\/el\/index.php?rest_route=%2Fwp%2Fv2%2Fcomments&post=56"}],"version-history":[{"count":9,"href":"https:\/\/dkoliopoulos.gr\/el\/index.php?rest_route=\/wp\/v2\/pages\/56\/revisions"}],"predecessor-version":[{"id":1101,"href":"https:\/\/dkoliopoulos.gr\/el\/index.php?rest_route=\/wp\/v2\/pages\/56\/revisions\/1101"}],"up":[{"embeddable":true,"href":"https:\/\/dkoliopoulos.gr\/el\/index.php?rest_route=\/wp\/v2\/pages\/47"}],"wp:attachment":[{"href":"https:\/\/dkoliopoulos.gr\/el\/index.php?rest_route=%2Fwp%2Fv2%2Fmedia&parent=56"}],"curies":[{"name":"wp","href":"https:\/\/api.w.org\/{rel}","templated":true}]}}